{"id":177,"date":"2025-12-17T22:28:37","date_gmt":"2025-12-17T22:28:37","guid":{"rendered":"https:\/\/topetop.com.do\/?page_id=177"},"modified":"2026-01-28T17:41:10","modified_gmt":"2026-01-28T17:41:10","slug":"about-us","status":"publish","type":"page","link":"https:\/\/topetop.com.do\/en\/about-us\/","title":{"rendered":"About Us"},"content":{"rendered":"","protected":false},"excerpt":{"rendered":"<p>En Topetop, ofrecemos experiencias en autogiro dise\u00f1adas para que explores los paisajes m\u00e1s ic\u00f3nicos de Punta Cana desde una perspectiva a\u00e9rea. <\/p>\n","protected":false},"author":1,"featured_media":161,"parent":0,"menu_order":0,"comment_status":"closed","ping_status":"closed","template":"templates\/page-sobre-nosotros.php","meta":{"_acf_changed":false,"footnotes":""},"class_list":["post-177","page","type-page","status-publish","has-post-thumbnail","hentry"],"acf":[],"_links":{"self":[{"href":"https:\/\/topetop.com.do\/en\/wp-json\/wp\/v2\/pages\/177","targetHints":{"allow":["GET"]}}],"collection":[{"href":"https:\/\/topetop.com.do\/en\/wp-json\/wp\/v2\/pages"}],"about":[{"href":"https:\/\/topetop.com.do\/en\/wp-json\/wp\/v2\/types\/page"}],"author":[{"embeddable":true,"href":"https:\/\/topetop.com.do\/en\/wp-json\/wp\/v2\/users\/1"}],"replies":[{"embeddable":true,"href":"https:\/\/topetop.com.do\/en\/wp-json\/wp\/v2\/comments?post=177"}],"version-history":[{"count":1,"href":"https:\/\/topetop.com.do\/en\/wp-json\/wp\/v2\/pages\/177\/revisions"}],"predecessor-version":[{"id":178,"href":"https:\/\/topetop.com.do\/en\/wp-json\/wp\/v2\/pages\/177\/revisions\/178"}],"wp:featuredmedia":[{"embeddable":true,"href":"https:\/\/topetop.com.do\/en\/wp-json\/wp\/v2\/media\/161"}],"wp:attachment":[{"href":"https:\/\/topetop.com.do\/en\/wp-json\/wp\/v2\/media?parent=177"}],"curies":[{"name":"wp","href":"https:\/\/api.w.org\/{rel}","templated":true}]}}